{"id":2059,"date":"2024-10-07T16:25:22","date_gmt":"2024-10-07T15:25:22","guid":{"rendered":"https:\/\/www.vibrometrix.com\/accueil\/"},"modified":"2026-03-19T09:50:48","modified_gmt":"2026-03-19T08:50:48","slug":"accueil","status":"publish","type":"page","link":"https:\/\/www.vibrometrix.com\/fr\/","title":{"rendered":"Accueil"},"content":{"rendered":"\t\t<div data-elementor-type=\"wp-page\" data-elementor-id=\"2059\" class=\"elementor elementor-2059 elementor-17\" data-elementor-post-type=\"page\">\n\t\t\t\t\t\t<section class=\"elementor-section elementor-top-section elementor-element elementor-element-33294900 elementor-section-content-middle elementor-section-boxed elementor-section-height-default elementor-section-height-default\" data-id=\"33294900\" data-element_type=\"section\" data-e-type=\"section\" data-settings=\"{&quot;background_background&quot;:&quot;slideshow&quot;,&quot;background_slideshow_gallery&quot;:[{&quot;id&quot;:2062,&quot;url&quot;:&quot;https:\\\/\\\/www.vibrometrix.com\\\/wp-content\\\/uploads\\\/2026\\\/03\\\/Image-by-Dimitry-Anikin.webp&quot;}],&quot;background_slideshow_ken_burns&quot;:&quot;yes&quot;,&quot;background_slideshow_slide_duration&quot;:3500,&quot;background_slideshow_loop&quot;:&quot;yes&quot;,&quot;background_slideshow_slide_transition&quot;:&quot;fade&quot;,&quot;background_slideshow_transition_duration&quot;:500,&quot;background_slideshow_ken_burns_zoom_direction&quot;:&quot;in&quot;}\">\n\t\t\t\t\t\t\t<div class=\"elementor-background-overlay\"><\/div>\n\t\t\t\t\t\t\t<div class=\"elementor-container elementor-column-gap-default\">\n\t\t\t\t\t<div class=\"elementor-column elementor-col-50 elementor-top-column elementor-element elementor-element-1b3c6976\" data-id=\"1b3c6976\" data-element_type=\"column\" data-e-type=\"column\">\n\t\t\t<div class=\"elementor-widget-wrap elementor-element-populated\">\n\t\t\t\t\t\t<div class=\"elementor-element elementor-element-6de6b8af animated-slow elementor-widget elementor-widget-heading\" data-id=\"6de6b8af\" data-element_type=\"widget\" data-e-type=\"widget\" data-settings=\"{&quot;_animation&quot;:&quot;none&quot;}\" data-widget_type=\"heading.default\">\n\t\t\t\t\t<h1 class=\"elementor-heading-title elementor-size-default\">Vibrometrix, la PDM sur mesure.<\/h1>\t\t\t\t<\/div>\n\t\t\t\t<div class=\"elementor-element elementor-element-5c38fb9c animated-slow elementor-widget elementor-widget-text-editor\" data-id=\"5c38fb9c\" data-element_type=\"widget\" data-e-type=\"widget\" data-settings=\"{&quot;_animation&quot;:&quot;none&quot;}\" data-widget_type=\"text-editor.default\">\n\t\t\t\t\t\t\t\t\t<p>Vos machines toujours disponibles en effectuant la maintenance et les adaptations de mani\u00e8re planifi\u00e9e, \u00e9videmment !<\/p>\t\t\t\t\t\t\t\t<\/div>\n\t\t\t\t<div class=\"elementor-element elementor-element-1a0f1fa3 elementor-align-left animated-slow elementor-widget elementor-widget-button\" data-id=\"1a0f1fa3\" data-element_type=\"widget\" data-e-type=\"widget\" data-settings=\"{&quot;_animation&quot;:&quot;none&quot;}\" data-widget_type=\"button.default\">\n\t\t\t\t\t\t\t\t\t\t<a class=\"elementor-button elementor-button-link elementor-size-sm elementor-animation-float\" href=\"https:\/\/www.vibrometrix.com\/fr\/contact\/\">\n\t\t\t\t\t\t<span class=\"elementor-button-content-wrapper\">\n\t\t\t\t\t\t\t\t\t<span class=\"elementor-button-text\">Contactez-nous<\/span>\n\t\t\t\t\t<\/span>\n\t\t\t\t\t<\/a>\n\t\t\t\t\t\t\t\t<\/div>\n\t\t\t\t\t<\/div>\n\t\t<\/div>\n\t\t\t\t<div class=\"elementor-column elementor-col-50 elementor-top-column elementor-element elementor-element-c3678ad elementor-hidden-mobile\" data-id=\"c3678ad\" data-element_type=\"column\" data-e-type=\"column\">\n\t\t\t<div class=\"elementor-widget-wrap\">\n\t\t\t\t\t\t\t<\/div>\n\t\t<\/div>\n\t\t\t\t\t<\/div>\n\t\t<\/section>\n\t\t\t\t<section class=\"elementor-section elementor-top-section elementor-element elementor-element-169eafb9 remove elementor-section-boxed elementor-section-height-default elementor-section-height-default\" data-id=\"169eafb9\" data-element_type=\"section\" data-e-type=\"section\">\n\t\t\t\t\t\t<div class=\"elementor-container elementor-column-gap-default\">\n\t\t\t\t\t<div class=\"elementor-column elementor-col-100 elementor-top-column elementor-element elementor-element-5348682b\" data-id=\"5348682b\" data-element_type=\"column\" data-e-type=\"column\">\n\t\t\t<div class=\"elementor-widget-wrap elementor-element-populated\">\n\t\t\t\t\t\t<section class=\"elementor-section elementor-inner-section elementor-element elementor-element-28366ce9 elementor-section-boxed elementor-section-height-default elementor-section-height-default\" data-id=\"28366ce9\" data-element_type=\"section\" data-e-type=\"section\">\n\t\t\t\t\t\t<div class=\"elementor-container elementor-column-gap-no\">\n\t\t\t\t\t<div class=\"elementor-column elementor-col-33 elementor-inner-column elementor-element elementor-element-35c5da2d animated-slow elementor-invisible\" data-id=\"35c5da2d\" data-element_type=\"column\" data-e-type=\"column\" data-settings=\"{&quot;animation&quot;:&quot;fadeInUp&quot;,&quot;animation_delay&quot;:20}\">\n\t\t\t<div class=\"elementor-widget-wrap\">\n\t\t\t\t\t\t\t<\/div>\n\t\t<\/div>\n\t\t\t\t<div class=\"elementor-column elementor-col-33 elementor-inner-column elementor-element elementor-element-e2c618c animated-slow elementor-invisible\" data-id=\"e2c618c\" data-element_type=\"column\" data-e-type=\"column\" data-settings=\"{&quot;animation&quot;:&quot;fadeInUp&quot;,&quot;animation_delay&quot;:40}\">\n\t\t\t<div class=\"elementor-widget-wrap\">\n\t\t\t\t\t\t\t<\/div>\n\t\t<\/div>\n\t\t\t\t<div class=\"elementor-column elementor-col-33 elementor-inner-column elementor-element elementor-element-77840e41 animated-slow elementor-invisible\" data-id=\"77840e41\" data-element_type=\"column\" data-e-type=\"column\" data-settings=\"{&quot;animation&quot;:&quot;fadeInUp&quot;,&quot;animation_delay&quot;:60}\">\n\t\t\t<div class=\"elementor-widget-wrap\">\n\t\t\t\t\t\t\t<\/div>\n\t\t<\/div>\n\t\t\t\t\t<\/div>\n\t\t<\/section>\n\t\t\t\t\t<\/div>\n\t\t<\/div>\n\t\t\t\t\t<\/div>\n\t\t<\/section>\n\t\t\t\t<section class=\"elementor-section elementor-top-section elementor-element elementor-element-167335fb elementor-section-content-middle elementor-section-boxed elementor-section-height-default elementor-section-height-default\" data-id=\"167335fb\" data-element_type=\"section\" data-e-type=\"section\">\n\t\t\t\t\t\t<div class=\"elementor-container elementor-column-gap-default\">\n\t\t\t\t\t<div class=\"elementor-column elementor-col-50 elementor-top-column elementor-element elementor-element-655d32c6\" data-id=\"655d32c6\" data-element_type=\"column\" data-e-type=\"column\">\n\t\t\t<div class=\"elementor-widget-wrap elementor-element-populated\">\n\t\t\t\t\t\t<div class=\"elementor-element elementor-element-2e88364f animated-slow elementor-widget elementor-widget-heading\" data-id=\"2e88364f\" data-element_type=\"widget\" data-e-type=\"widget\" data-settings=\"{&quot;_animation&quot;:&quot;none&quot;}\" data-widget_type=\"heading.default\">\n\t\t\t\t\t<h5 class=\"elementor-heading-title elementor-size-default\">\u00e0 propos de nous<\/h5>\t\t\t\t<\/div>\n\t\t\t\t<div class=\"elementor-element elementor-element-1719e40f elementor-widget elementor-widget-heading\" data-id=\"1719e40f\" data-element_type=\"widget\" data-e-type=\"widget\" data-widget_type=\"heading.default\">\n\t\t\t\t\t<h2 class=\"elementor-heading-title elementor-size-default\"><b style=\"color:#4d7dbf\">Vibrometrix<\/b> \u2013 la PDM sur mesure.<\/h2>\t\t\t\t<\/div>\n\t\t\t\t<div class=\"elementor-element elementor-element-6d3f614a elementor-widget elementor-widget-text-editor\" data-id=\"6d3f614a\" data-element_type=\"widget\" data-e-type=\"widget\" data-widget_type=\"text-editor.default\">\n\t\t\t\t\t\t\t\t\t<p><style>\na {<br\/>\n    text-decoration: none;<br\/>\n    color: #464feb;<br\/>\n}<br\/>\ntr th, tr td {<br\/>\n    border: 1px solid #e6e6e6;<br\/>\n}<br\/>\ntr th {<br\/>\n    background-color: #f5f5f5;<br\/>\n}<br\/>\n<\/style>\n<\/p>\n<div>\n<p>Vibrometrix aspire \u00e0 \u00eatre <b>le partenaire de r\u00e9f\u00e9rence<\/b> pour les industries qui placent la fiabilit\u00e9, l\u2019efficacit\u00e9 et la continuit\u00e9 au c\u0153ur de leurs pr\u00e9occupations. S\u2019appuyant sur une expertise technique approfondie et des ann\u00e9es d\u2019exp\u00e9rience, Vibrometrix souhaite accompagner les entreprises dans la maximisation de la dur\u00e9e de vie des machines critiques et la minimisation des arr\u00eats non planifi\u00e9s. <\/p>\n<p>En investissant dans des techniques de mesure et d\u2019analyse innovantes, un service orient\u00e9 client et un d\u00e9veloppement continu des connaissances, Vibrometrix b\u00e2tit un avenir industriel o\u00f9 la <strong>pr\u00e9visibilit\u00e9, la pr\u00e9cision et la s\u00e9curit\u00e9<\/strong> sont la norme. L\u2019entreprise croit en une collaboration durable et souhaite r\u00e9aliser pour chaque client une <strong>strat\u00e9gie de maintenance claire, \u00e9tay\u00e9e et proactive<\/strong>. <\/p>\n<p>Vibrometrix choisit un avenir o\u00f9 la technologie et le savoir-faire humain se rejoignent harmonieusement \u2014 pour que les environnements de production soient performants de mani\u00e8re optimale, aujourdhui et demain.<\/p>\n<\/div>\t\t\t\t\t\t\t\t<\/div>\n\t\t\t\t<div class=\"elementor-element elementor-element-e84b635 elementor-widget elementor-widget-image\" data-id=\"e84b635\" data-element_type=\"widget\" data-e-type=\"widget\" data-widget_type=\"image.default\">\n\t\t\t\t\t\t\t\t\t\t\t\t\t\t\t<img fetchpriority=\"high\" decoding=\"async\" width=\"614\" height=\"133\" src=\"https:\/\/www.vibrometrix.com\/wp-content\/uploads\/2026\/03\/vibrometrix-regular@4x.webp\" class=\"attachment-large size-large wp-image-1806\" alt=\"\" srcset=\"https:\/\/www.vibrometrix.com\/wp-content\/uploads\/2026\/03\/vibrometrix-regular@4x.webp 614w, https:\/\/www.vibrometrix.com\/wp-content\/uploads\/2026\/03\/vibrometrix-regular@4x-300x65.webp 300w\" sizes=\"(max-width: 614px) 100vw, 614px\" \/>\t\t\t\t\t\t\t\t\t\t\t\t\t\t\t<\/div>\n\t\t\t\t<div class=\"elementor-element elementor-element-72e17cf2 elementor-align-left elementor-widget elementor-widget-button\" data-id=\"72e17cf2\" data-element_type=\"widget\" data-e-type=\"widget\" data-widget_type=\"button.default\">\n\t\t\t\t\t\t\t\t\t\t<a class=\"elementor-button elementor-button-link elementor-size-sm elementor-animation-float\" href=\"https:\/\/www.vibrometrix.com\/fr\/contact\/\">\n\t\t\t\t\t\t<span class=\"elementor-button-content-wrapper\">\n\t\t\t\t\t\t\t\t\t<span class=\"elementor-button-text\">Contactez-nous<\/span>\n\t\t\t\t\t<\/span>\n\t\t\t\t\t<\/a>\n\t\t\t\t\t\t\t\t<\/div>\n\t\t\t\t\t<\/div>\n\t\t<\/div>\n\t\t\t\t<div class=\"elementor-column elementor-col-50 elementor-top-column elementor-element elementor-element-7699d197\" data-id=\"7699d197\" data-element_type=\"column\" data-e-type=\"column\">\n\t\t\t<div class=\"elementor-widget-wrap elementor-element-populated\">\n\t\t\t\t\t\t<div class=\"elementor-element elementor-element-36ac74f2 elementor-widget elementor-widget-image\" data-id=\"36ac74f2\" data-element_type=\"widget\" data-e-type=\"widget\" data-widget_type=\"image.default\">\n\t\t\t\t\t\t\t\t\t\t\t\t\t\t\t<img decoding=\"async\" width=\"940\" height=\"440\" src=\"https:\/\/www.vibrometrix.com\/wp-content\/uploads\/2026\/03\/Image-by-Dimitry-Anikin.webp\" class=\"attachment-full size-full wp-image-2062\" alt=\"\" srcset=\"https:\/\/www.vibrometrix.com\/wp-content\/uploads\/2026\/03\/Image-by-Dimitry-Anikin.webp 940w, https:\/\/www.vibrometrix.com\/wp-content\/uploads\/2026\/03\/Image-by-Dimitry-Anikin-300x140.webp 300w, https:\/\/www.vibrometrix.com\/wp-content\/uploads\/2026\/03\/Image-by-Dimitry-Anikin-768x359.webp 768w\" sizes=\"(max-width: 940px) 100vw, 940px\" \/>\t\t\t\t\t\t\t\t\t\t\t\t\t\t\t<\/div>\n\t\t\t\t\t<\/div>\n\t\t<\/div>\n\t\t\t\t\t<\/div>\n\t\t<\/section>\n\t\t\t\t<section class=\"elementor-section elementor-top-section elementor-element elementor-element-7825e8a7 elementor-section-full_width elementor-section-height-default elementor-section-height-default\" data-id=\"7825e8a7\" data-element_type=\"section\" data-e-type=\"section\" data-settings=\"{&quot;background_background&quot;:&quot;classic&quot;}\">\n\t\t\t\t\t\t\t<div class=\"elementor-background-overlay\"><\/div>\n\t\t\t\t\t\t\t<div class=\"elementor-container elementor-column-gap-default\">\n\t\t\t\t\t<div class=\"elementor-column elementor-col-100 elementor-top-column elementor-element elementor-element-391e0e70\" data-id=\"391e0e70\" data-element_type=\"column\" data-e-type=\"column\" data-settings=\"{&quot;background_background&quot;:&quot;classic&quot;}\">\n\t\t\t<div class=\"elementor-widget-wrap elementor-element-populated\">\n\t\t\t\t\t<div class=\"elementor-background-overlay\"><\/div>\n\t\t\t\t\t\t<div class=\"elementor-element elementor-element-530d8835 elementor-widget elementor-widget-heading\" data-id=\"530d8835\" data-element_type=\"widget\" data-e-type=\"widget\" data-settings=\"{&quot;_animation&quot;:&quot;none&quot;}\" data-widget_type=\"heading.default\">\n\t\t\t\t\t<h2 class=\"elementor-heading-title elementor-size-default\">Notre vision<\/h2>\t\t\t\t<\/div>\n\t\t\t\t<div class=\"elementor-element elementor-element-647a243 elementor-widget__width-initial elementor-widget elementor-widget-text-editor\" data-id=\"647a243\" data-element_type=\"widget\" data-e-type=\"widget\" data-widget_type=\"text-editor.default\">\n\t\t\t\t\t\t\t\t\t<p><style>\na {\n    text-decoration: none;\n    color: #464feb;\n}\ntr th, tr td {\n    border: 1px solid #e6e6e6;\n}\ntr th {\n    background-color: #f5f5f5;\n}\n<\/style><\/p><div><strong>Vibrometrix<\/strong> se positionne comme un expert en maintenance pr\u00e9dictive, mesures de vibrations, alignement et optimisation de machines. Leurs activit\u00e9s comprennent la mesure, l\u2019\u00e9quilibrage et l\u2019alignement de machines tournantes, la mise en place de programmes PDM, le scan 3D et la fourniture d\u2019appareils de mesure sp\u00e9cialis\u00e9s. <\/div>\t\t\t\t\t\t\t\t<\/div>\n\t\t\t\t\t<\/div>\n\t\t<\/div>\n\t\t\t\t\t<\/div>\n\t\t<\/section>\n\t\t\t\t<\/div>\n\t\t","protected":false},"excerpt":{"rendered":"<p>Vibrometrix, la PDM sur mesure. Vos machines toujours disponibles en effectuant la maintenance et les adaptations de mani\u00e8re planifi\u00e9e, \u00e9videmment ! Contactez-nous \u00e0 propos de nous Vibrometrix \u2013 la PDM sur mesure. Vibrometrix aspire \u00e0 \u00eatre le partenaire de r\u00e9f\u00e9rence pour les industries qui placent la fiabilit\u00e9, l\u2019efficacit\u00e9 et la continuit\u00e9 au c\u0153ur de leurs [&hellip;]<\/p>\n","protected":false},"author":1,"featured_media":0,"parent":0,"menu_order":0,"comment_status":"closed","ping_status":"closed","template":"","meta":{"_acf_changed":false,"footnotes":""},"class_list":["post-2059","page","type-page","status-publish","hentry"],"acf":[],"_links":{"self":[{"href":"https:\/\/www.vibrometrix.com\/fr\/wp-json\/wp\/v2\/pages\/2059","targetHints":{"allow":["GET"]}}],"collection":[{"href":"https:\/\/www.vibrometrix.com\/fr\/wp-json\/wp\/v2\/pages"}],"about":[{"href":"https:\/\/www.vibrometrix.com\/fr\/wp-json\/wp\/v2\/types\/page"}],"author":[{"embeddable":true,"href":"https:\/\/www.vibrometrix.com\/fr\/wp-json\/wp\/v2\/users\/1"}],"replies":[{"embeddable":true,"href":"https:\/\/www.vibrometrix.com\/fr\/wp-json\/wp\/v2\/comments?post=2059"}],"version-history":[{"count":1,"href":"https:\/\/www.vibrometrix.com\/fr\/wp-json\/wp\/v2\/pages\/2059\/revisions"}],"predecessor-version":[{"id":2065,"href":"https:\/\/www.vibrometrix.com\/fr\/wp-json\/wp\/v2\/pages\/2059\/revisions\/2065"}],"wp:attachment":[{"href":"https:\/\/www.vibrometrix.com\/fr\/wp-json\/wp\/v2\/media?parent=2059"}],"curies":[{"name":"wp","href":"https:\/\/api.w.org\/{rel}","templated":true}]}}