{"id":1935,"date":"2026-02-13T06:09:42","date_gmt":"2026-02-13T05:09:42","guid":{"rendered":"https:\/\/www.vibrometrix.com\/politique-relative-aux-cookies\/"},"modified":"2026-03-19T09:50:06","modified_gmt":"2026-03-19T08:50:06","slug":"politique-relative-aux-cookies","status":"publish","type":"page","link":"https:\/\/www.vibrometrix.com\/fr\/politique-relative-aux-cookies\/","title":{"rendered":"Politique relative aux cookies"},"content":{"rendered":"\t\t<div data-elementor-type=\"wp-page\" data-elementor-id=\"1935\" class=\"elementor elementor-1935 elementor-962\" data-elementor-post-type=\"page\">\n\t\t\t\t<div class=\"elementor-element elementor-element-b0cc71e e-flex e-con-boxed e-con e-parent\" data-id=\"b0cc71e\" data-element_type=\"container\" data-e-type=\"container\">\n\t\t\t\t\t<div class=\"e-con-inner\">\n\t\t\t\t<div class=\"elementor-element elementor-element-accc86e elementor-widget elementor-widget-html\" data-id=\"accc86e\" data-element_type=\"widget\" data-e-type=\"widget\" data-widget_type=\"html.default\">\n\t\t\t\t\t<div id=\"cookiefirst-policy-page\"><\/div>\n<div>Cette d\u00e9claration relative aux cookies a \u00e9t\u00e9 r\u00e9dig\u00e9e et mise \u00e0 jour par <a href=\"https:\/\/cookiefirst.com\/nl\/cookie-scanner\/\" target=\"_blank\" rel=\"noopener\">Cookie Scanner<\/a>.<\/div>\t\t\t\t<\/div>\n\t\t\t\t<div class=\"elementor-element elementor-element-5acbd81 elementor-widget elementor-widget-html\" data-id=\"5acbd81\" data-element_type=\"widget\" data-e-type=\"widget\" data-widget_type=\"html.default\">\n\t\t\t\t\t<div id=\"cookiefirst-cookies-table\"><\/div>\n<div>Ce tableau des cookies a \u00e9t\u00e9 cr\u00e9\u00e9 et mis \u00e0 jour par la <a href=\"https:\/\/cookiefirst.com\/nl\/cookieverklaring\/\" target=\"_blank\" rel=\"noopener\">D\u00e9claration relative aux cookies - CookieFirst<\/a>.<\/div>\t\t\t\t<\/div>\n\t\t\t\t\t<\/div>\n\t\t\t\t<\/div>\n\t\t\t\t<\/div>\n\t\t","protected":false},"excerpt":{"rendered":"<p>Cette d\u00e9claration relative aux cookies a \u00e9t\u00e9 r\u00e9dig\u00e9e et mise \u00e0 jour par Cookie Scanner. Ce tableau des cookies a \u00e9t\u00e9 cr\u00e9\u00e9 et mis \u00e0 jour par la D\u00e9claration relative aux cookies &#8211; CookieFirst.<\/p>\n","protected":false},"author":1,"featured_media":0,"parent":0,"menu_order":0,"comment_status":"closed","ping_status":"closed","template":"","meta":{"_acf_changed":false,"footnotes":""},"class_list":["post-1935","page","type-page","status-publish","hentry"],"acf":[],"_links":{"self":[{"href":"https:\/\/www.vibrometrix.com\/fr\/wp-json\/wp\/v2\/pages\/1935","targetHints":{"allow":["GET"]}}],"collection":[{"href":"https:\/\/www.vibrometrix.com\/fr\/wp-json\/wp\/v2\/pages"}],"about":[{"href":"https:\/\/www.vibrometrix.com\/fr\/wp-json\/wp\/v2\/types\/page"}],"author":[{"embeddable":true,"href":"https:\/\/www.vibrometrix.com\/fr\/wp-json\/wp\/v2\/users\/1"}],"replies":[{"embeddable":true,"href":"https:\/\/www.vibrometrix.com\/fr\/wp-json\/wp\/v2\/comments?post=1935"}],"version-history":[{"count":1,"href":"https:\/\/www.vibrometrix.com\/fr\/wp-json\/wp\/v2\/pages\/1935\/revisions"}],"predecessor-version":[{"id":1936,"href":"https:\/\/www.vibrometrix.com\/fr\/wp-json\/wp\/v2\/pages\/1935\/revisions\/1936"}],"wp:attachment":[{"href":"https:\/\/www.vibrometrix.com\/fr\/wp-json\/wp\/v2\/media?parent=1935"}],"curies":[{"name":"wp","href":"https:\/\/api.w.org\/{rel}","templated":true}]}}