{"id":1783,"date":"2024-10-07T14:47:38","date_gmt":"2024-10-07T13:47:38","guid":{"rendered":"https:\/\/www.vibrometrix.com\/politique-de-confidentialite\/"},"modified":"2026-03-19T09:47:40","modified_gmt":"2026-03-19T08:47:40","slug":"politique-de-confidentialite","status":"publish","type":"page","link":"https:\/\/www.vibrometrix.com\/fr\/politique-de-confidentialite\/","title":{"rendered":"Politique de confidentialit\u00e9"},"content":{"rendered":"\n<h2 class=\"wp-block-heading\">Qui nous sommes<\/h2>\n\n<p><strong class=\"privacy-policy-tutorial\">Texte sugg\u00e9r\u00e9\u00a0: <\/strong>L\u2019adresse de notre site web est\u00a0: https:\/\/www.vibrometrix.com.<\/p>\n\n<h2 class=\"wp-block-heading\">Commentaires<\/h2>\n\n<p><strong class=\"privacy-policy-tutorial\">Texte sugg\u00e9r\u00e9\u00a0: <\/strong>Quand les visiteurs laissent des commentaires sur le site, nous recueillons les donn\u00e9es figurant dans le formulaire de commentaire, ainsi que l\u2019adresse IP du visiteur et la cha\u00eene de l\u2019agent utilisateur du navigateur pour faciliter la d\u00e9tection du spam.<\/p>\n\n<p>Une cha\u00eene anonymis\u00e9e cr\u00e9\u00e9e \u00e0 partir de votre adresse e-mail (\u00e9galement appel\u00e9e hash) peut \u00eatre fournie au service Gravatar pour v\u00e9rifier si vous lutilisez. La politique de confidentialit\u00e9 du service Gravatar est disponible ici: https:\/\/automattic.com\/privacy\/. Apr\u00e8s approbation de votre commentaire, votre photo de profil est visible par le public dans le contexte de votre commentaire. <\/p>\n\n<h2 class=\"wp-block-heading\">M\u00e9dias<\/h2>\n\n<p><strong class=\"privacy-policy-tutorial\">Texte sugg\u00e9r\u00e9\u00a0: <\/strong>Si vous t\u00e9l\u00e9chargez des images sur le site web, vous devriez \u00e9viter de t\u00e9l\u00e9charger des images incluant des donn\u00e9es de localisation int\u00e9gr\u00e9es (EXIF GPS). Les visiteurs du site web peuvent t\u00e9l\u00e9charger et extraire toutes les donn\u00e9es de localisation \u00e0 partir des images pr\u00e9sentes sur le site. <\/p>\n\n<h2 class=\"wp-block-heading\">Cookies<\/h2>\n\n<p><strong class=\"privacy-policy-tutorial\">Texte sugg\u00e9r\u00e9\u00a0: <\/strong>Si vous laissez un commentaire sur notre site, vous pouvez choisir d\u2019enregistrer votre nom, votre adresse e-mail et votre site web dans des cookies. Ceux-ci sont destin\u00e9s \u00e0 votre confort afin que vous n\u2019ayez pas \u00e0 saisir \u00e0 nouveau vos coordonn\u00e9es lorsque vous laissez un autre commentaire. Ces cookies dureront un an.  <\/p>\n\n<p>Si vous visitez notre page de connexion, nous installerons un cookie temporaire pour d\u00e9terminer si votre navigateur accepte les cookies. Ce cookie ne contient aucune donn\u00e9e personnelle et est supprim\u00e9 lorsque vous fermez votre navigateur. <\/p>\n\n<p>Lorsque vous vous connectez, nous mettrons \u00e9galement en place plusieurs cookies pour enregistrer vos informations de connexion et vos choix daffichage \u00e0 l\u00e9cran. Les cookies de connexion durent deux jours et les cookies doptions d\u00e9cran durent un an. Si vous cochez \u00ab Se souvenir de moi \u00bb, votre connexion persistera pendant deux semaines. Si vous vous d\u00e9connectez de votre compte, les cookies de connexion seront supprim\u00e9s.   <\/p>\n\n<p>Si vous modifiez ou publiez un article, un cookie suppl\u00e9mentaire sera enregistr\u00e9 dans votre navigateur. Ce cookie ne comprend aucune donn\u00e9e personnelle et indique simplement lID de larticle que vous venez de modifier. Il expire apr\u00e8s 1 jour.  <\/p>\n\n<h2 class=\"wp-block-heading\">Contenu int\u00e9gr\u00e9 dautres sites web<\/h2>\n\n<p><strong class=\"privacy-policy-tutorial\">Texte sugg\u00e9r\u00e9\u00a0: <\/strong>Les articles de ce site peuvent inclure du contenu int\u00e9gr\u00e9 (par exemple des vid\u00e9os, des images, des articles, etc.). Le contenu int\u00e9gr\u00e9 d\u2019autres sites web se comporte exactement de la m\u00eame mani\u00e8re que si le visiteur s\u2019\u00e9tait rendu sur l\u2019autre site web. <\/p>\n\n<p>Ces sites web peuvent collecter des donn\u00e9es sur vous, utiliser des cookies, int\u00e9grer un suivi tiers suppl\u00e9mentaire et surveiller votre interaction avec ce contenu int\u00e9gr\u00e9, y compris le suivi de votre interaction avec le contenu int\u00e9gr\u00e9 si vous avez un compte et que vous \u00eates connect\u00e9 \u00e0 ce site web.<\/p>\n\n<h2 class=\"wp-block-heading\">Avec qui nous partageons vos donn\u00e9es<\/h2>\n\n<p><strong class=\"privacy-policy-tutorial\">Texte sugg\u00e9r\u00e9\u00a0: <\/strong>Si vous demandez une r\u00e9initialisation de mot de passe, votre adresse IP sera incluse dans l\u2019e-mail de r\u00e9initialisation.<\/p>\n\n<h2 class=\"wp-block-heading\">Combien de temps nous conservons vos donn\u00e9es<\/h2>\n\n<p><strong class=\"privacy-policy-tutorial\">Texte sugg\u00e9r\u00e9\u00a0: <\/strong>Si vous laissez un commentaire, le commentaire et ses m\u00e9tadonn\u00e9es sont conserv\u00e9s ind\u00e9finiment. Cela nous permet de reconna\u00eetre et d\u2019approuver automatiquement tous les commentaires de suivi au lieu de les maintenir dans une file de mod\u00e9ration. <\/p>\n\n<p>Pour les utilisateurs qui sinscrivent sur notre site web (le cas \u00e9ch\u00e9ant), nous stockons \u00e9galement les informations personnelles quils fournissent dans leur profil dutilisateur. Tous les utilisateurs peuvent voir, modifier ou supprimer leurs informations personnelles \u00e0 tout moment (\u00e0 lexception de leur nom dutilisateur quils ne peuvent pas changer). Les administrateurs du site web peuvent \u00e9galement voir et modifier ces informations.  <\/p>\n\n<h2 class=\"wp-block-heading\">Quels droits vous avez sur vos donn\u00e9es<\/h2>\n\n<p><strong class=\"privacy-policy-tutorial\">Texte sugg\u00e9r\u00e9\u00a0: <\/strong>Si vous avez un compte sur ce site, ou si vous avez laiss\u00e9 des commentaires, vous pouvez demander \u00e0 recevoir un fichier export\u00e9 des donn\u00e9es personnelles que nous d\u00e9tenons \u00e0 votre sujet, y compris toutes les donn\u00e9es que vous nous avez fournies. Vous pouvez \u00e9galement demander que nous effacions toutes les donn\u00e9es personnelles que nous d\u00e9tenons \u00e0 votre sujet. Cela n\u2019inclut pas les donn\u00e9es que nous sommes tenus de conserver \u00e0 des fins administratives, juridiques ou de s\u00e9curit\u00e9.  <\/p>\n\n<h2 class=\"wp-block-heading\">O\u00f9 vos donn\u00e9es sont envoy\u00e9es<\/h2>\n\n<p><strong class=\"privacy-policy-tutorial\">Texte sugg\u00e9r\u00e9\u00a0: <\/strong>Les commentaires des visiteurs peuvent \u00eatre v\u00e9rifi\u00e9s par un service automatis\u00e9 de d\u00e9tection du spam.<\/p>\n","protected":false},"excerpt":{"rendered":"<p>Qui nous sommes Texte sugg\u00e9r\u00e9\u00a0: L\u2019adresse de notre site web est\u00a0: https:\/\/www.vibrometrix.com. Commentaires Texte sugg\u00e9r\u00e9\u00a0: Quand les visiteurs laissent des commentaires sur le site, nous recueillons les donn\u00e9es figurant dans le formulaire de commentaire, ainsi que l\u2019adresse IP du visiteur et la cha\u00eene de l\u2019agent utilisateur du navigateur pour faciliter la d\u00e9tection du spam. Une [&hellip;]<\/p>\n","protected":false},"author":1,"featured_media":0,"parent":0,"menu_order":0,"comment_status":"closed","ping_status":"closed","template":"","meta":{"_acf_changed":false,"footnotes":""},"class_list":["post-1783","page","type-page","status-publish","hentry"],"acf":[],"_links":{"self":[{"href":"https:\/\/www.vibrometrix.com\/fr\/wp-json\/wp\/v2\/pages\/1783","targetHints":{"allow":["GET"]}}],"collection":[{"href":"https:\/\/www.vibrometrix.com\/fr\/wp-json\/wp\/v2\/pages"}],"about":[{"href":"https:\/\/www.vibrometrix.com\/fr\/wp-json\/wp\/v2\/types\/page"}],"author":[{"embeddable":true,"href":"https:\/\/www.vibrometrix.com\/fr\/wp-json\/wp\/v2\/users\/1"}],"replies":[{"embeddable":true,"href":"https:\/\/www.vibrometrix.com\/fr\/wp-json\/wp\/v2\/comments?post=1783"}],"version-history":[{"count":1,"href":"https:\/\/www.vibrometrix.com\/fr\/wp-json\/wp\/v2\/pages\/1783\/revisions"}],"predecessor-version":[{"id":1784,"href":"https:\/\/www.vibrometrix.com\/fr\/wp-json\/wp\/v2\/pages\/1783\/revisions\/1784"}],"wp:attachment":[{"href":"https:\/\/www.vibrometrix.com\/fr\/wp-json\/wp\/v2\/media?parent=1783"}],"curies":[{"name":"wp","href":"https:\/\/api.w.org\/{rel}","templated":true}]}}