{"id":1653,"date":"2026-03-12T14:50:43","date_gmt":"2026-03-12T13:50:43","guid":{"rendered":"https:\/\/www.vibrometrix.com\/a-propos-de-nous\/"},"modified":"2026-03-19T09:50:48","modified_gmt":"2026-03-19T08:50:48","slug":"a-propos-de-nous","status":"publish","type":"page","link":"https:\/\/www.vibrometrix.com\/fr\/a-propos-de-nous\/","title":{"rendered":"\u00c0 propos de nous"},"content":{"rendered":"\t\t<div data-elementor-type=\"wp-page\" data-elementor-id=\"1653\" class=\"elementor elementor-1653 elementor-1083\" data-elementor-post-type=\"page\">\n\t\t\t\t<div class=\"elementor-element elementor-element-c6d8208 e-flex e-con-boxed e-con e-parent\" data-id=\"c6d8208\" data-element_type=\"container\" data-e-type=\"container\">\n\t\t\t\t\t<div class=\"e-con-inner\">\n\t\t<div class=\"elementor-element elementor-element-3bfab0a e-con-full e-flex e-con e-child\" data-id=\"3bfab0a\" data-element_type=\"container\" data-e-type=\"container\">\n\t\t\t\t<div class=\"elementor-element elementor-element-18e3c98 elementor-widget elementor-widget-heading\" data-id=\"18e3c98\" data-element_type=\"widget\" data-e-type=\"widget\" data-widget_type=\"heading.default\">\n\t\t\t\t\t<h3 class=\"elementor-heading-title elementor-size-default\">Exp\u00e9riment\u00e9s dans le secteur des machines<\/h3>\t\t\t\t<\/div>\n\t\t\t\t<div class=\"elementor-element elementor-element-047bc40 elementor-widget elementor-widget-heading\" data-id=\"047bc40\" data-element_type=\"widget\" data-e-type=\"widget\" data-widget_type=\"heading.default\">\n\t\t\t\t\t<h2 class=\"elementor-heading-title elementor-size-default\">\u00c0 propos de Vibrometrix<\/h2>\t\t\t\t<\/div>\n\t\t\t\t<\/div>\n\t\t\t\t\t<\/div>\n\t\t\t\t<\/div>\n\t\t<div class=\"elementor-element elementor-element-a16f251 e-flex e-con-boxed e-con e-parent\" data-id=\"a16f251\" data-element_type=\"container\" data-e-type=\"container\">\n\t\t\t\t\t<div class=\"e-con-inner\">\n\t\t<div class=\"elementor-element elementor-element-e84ed60 e-con-full e-flex e-con e-child\" data-id=\"e84ed60\" data-element_type=\"container\" data-e-type=\"container\">\n\t\t\t\t<div class=\"elementor-element elementor-element-99b5955 elementor-widget elementor-widget-text-editor\" data-id=\"99b5955\" data-element_type=\"widget\" data-e-type=\"widget\" data-widget_type=\"text-editor.default\">\n\t\t\t\t\t\t\t\t\t<p>Vibrometrix a \u00e9t\u00e9 fond\u00e9e il y a 13 ans \u00e0 partir dune passion pour la technique et dune ambition claire : soutenir les entreprises avec une expertise fiable et un service personnel solide. D\u00e8s le d\u00e9but, notre priorit\u00e9 a \u00e9t\u00e9 la collaboration avec des partenaires et des collaborateurs disposant dun savoir-faire approfondi, dun grand sens des responsabilit\u00e9s et de la d\u00e9termination n\u00e9cessaire pour obtenir le meilleur r\u00e9sultat pour chaque client.<\/p><p>En tant que sp\u00e9cialiste de la maintenance pr\u00e9ventive et pr\u00e9dictive, nous d\u00e9chargeons nos clients du suivi de leur parc de machines tournantes. Gr\u00e2ce \u00e0 des mesures cibl\u00e9es, des analyses dexperts et des constats clairs sur l\u00e9tat des machines, nous offrons des perspectives sur lesquelles vous pouvez compter.<\/p><p>Ainsi, Vibrometrix est synonyme de qualit\u00e9, dengagement et dexpertise technique, avec un seul objectif en t\u00eate : aider nos clients \u00e0 travailler de mani\u00e8re plus s\u00fbre, plus efficace et plus durable.<\/p>\t\t\t\t\t\t\t\t<\/div>\n\t\t<div class=\"elementor-element elementor-element-bd09f00 e-con-full e-flex e-con e-child\" data-id=\"bd09f00\" data-element_type=\"container\" data-e-type=\"container\">\n\t\t\t\t<div class=\"elementor-element elementor-element-942268d elementor-widget elementor-widget-button\" data-id=\"942268d\" data-element_type=\"widget\" data-e-type=\"widget\" data-widget_type=\"button.default\">\n\t\t\t\t\t\t\t\t\t\t<a class=\"elementor-button elementor-button-link elementor-size-sm\" href=\"https:\/\/www.vibrometrix.com\/fr\/contact\/\">\n\t\t\t\t\t\t<span class=\"elementor-button-content-wrapper\">\n\t\t\t\t\t\t\t\t\t<span class=\"elementor-button-text\">Contactez-nous<\/span>\n\t\t\t\t\t<\/span>\n\t\t\t\t\t<\/a>\n\t\t\t\t\t\t\t\t<\/div>\n\t\t\t\t<\/div>\n\t\t\t\t<div class=\"elementor-element elementor-element-75453f4 elementor-widget elementor-widget-spacer\" data-id=\"75453f4\" data-element_type=\"widget\" data-e-type=\"widget\" data-widget_type=\"spacer.default\">\n\t\t\t\t\t\t\t<div class=\"elementor-spacer\">\n\t\t\t<div class=\"elementor-spacer-inner\"><\/div>\n\t\t<\/div>\n\t\t\t\t\t\t<\/div>\n\t\t<div class=\"elementor-element elementor-element-c35c7c3 e-con-full e-flex e-con e-child\" data-id=\"c35c7c3\" data-element_type=\"container\" data-e-type=\"container\" data-settings=\"{&quot;background_background&quot;:&quot;classic&quot;}\">\n\t\t\t\t<div class=\"elementor-element elementor-element-d98db14 elementor-widget elementor-widget-heading\" data-id=\"d98db14\" data-element_type=\"widget\" data-e-type=\"widget\" data-widget_type=\"heading.default\">\n\t\t\t\t\t<h3 class=\"elementor-heading-title elementor-size-default\">Pr\u00eat \u00e0 faire connaissance ?<\/h3>\t\t\t\t<\/div>\n\t\t\t\t<div class=\"elementor-element elementor-element-0b284be elementor-widget elementor-widget-text-editor\" data-id=\"0b284be\" data-element_type=\"widget\" data-e-type=\"widget\" data-widget_type=\"text-editor.default\">\n\t\t\t\t\t\t\t\t\t<p>Souhaitez-vous planifier une visite datelier ou avez-vous une panne qui n\u00e9cessite une \u00e9valuation urgente ? Prenez contact avec nous \u2014 nous commen\u00e7ons par un <strong>triage t\u00e9l\u00e9phonique<\/strong> et d\u00e9terminons ensemble le meilleur parcours.<\/p>\t\t\t\t\t\t\t\t<\/div>\n\t\t\t\t<div class=\"elementor-element elementor-element-cc75713 elementor-widget elementor-widget-button\" data-id=\"cc75713\" data-element_type=\"widget\" data-e-type=\"widget\" data-widget_type=\"button.default\">\n\t\t\t\t\t\t\t\t\t\t<a class=\"elementor-button elementor-button-link elementor-size-sm\" href=\"https:\/\/www.vibrometrix.com\/fr\/contact\/\">\n\t\t\t\t\t\t<span class=\"elementor-button-content-wrapper\">\n\t\t\t\t\t\t\t\t\t<span class=\"elementor-button-text\">Contactez-nous<\/span>\n\t\t\t\t\t<\/span>\n\t\t\t\t\t<\/a>\n\t\t\t\t\t\t\t\t<\/div>\n\t\t\t\t<\/div>\n\t\t\t\t<\/div>\n\t\t<div class=\"elementor-element elementor-element-0b27e4b e-con-full e-flex e-con e-child\" data-id=\"0b27e4b\" data-element_type=\"container\" data-e-type=\"container\">\n\t\t\t\t<div class=\"elementor-element elementor-element-aecc0ae elementor-widget elementor-widget-image\" data-id=\"aecc0ae\" data-element_type=\"widget\" data-e-type=\"widget\" data-widget_type=\"image.default\">\n\t\t\t\t\t\t\t\t\t\t\t\t\t\t\t<img fetchpriority=\"high\" decoding=\"async\" width=\"800\" height=\"307\" src=\"https:\/\/www.vibrometrix.com\/wp-content\/uploads\/2025\/12\/9453de_ccd2a1d8ad59480fa42b443d9-1024x393.webp\" class=\"attachment-large size-large wp-image-1654\" alt=\"\" srcset=\"https:\/\/www.vibrometrix.com\/wp-content\/uploads\/2025\/12\/9453de_ccd2a1d8ad59480fa42b443d9-1024x393.webp 1024w, https:\/\/www.vibrometrix.com\/wp-content\/uploads\/2025\/12\/9453de_ccd2a1d8ad59480fa42b443d9-300x115.webp 300w, https:\/\/www.vibrometrix.com\/wp-content\/uploads\/2025\/12\/9453de_ccd2a1d8ad59480fa42b443d9-768x294.webp 768w, https:\/\/www.vibrometrix.com\/wp-content\/uploads\/2025\/12\/9453de_ccd2a1d8ad59480fa42b443d9.webp 1200w\" sizes=\"(max-width: 800px) 100vw, 800px\" \/>\t\t\t\t\t\t\t\t\t\t\t\t\t\t\t<\/div>\n\t\t\t\t<\/div>\n\t\t\t\t\t<\/div>\n\t\t\t\t<\/div>\n\t\t\t\t<\/div>\n\t\t","protected":false},"excerpt":{"rendered":"<p>Exp\u00e9riment\u00e9s dans le secteur des machines \u00c0 propos de Vibrometrix Vibrometrix a \u00e9t\u00e9 fond\u00e9e il y a 13 ans \u00e0 partir dune passion pour la technique et dune ambition claire : soutenir les entreprises avec une expertise fiable et un service personnel solide. D\u00e8s le d\u00e9but, notre priorit\u00e9 a \u00e9t\u00e9 la collaboration avec des partenaires [&hellip;]<\/p>\n","protected":false},"author":1,"featured_media":0,"parent":0,"menu_order":0,"comment_status":"closed","ping_status":"closed","template":"","meta":{"_acf_changed":false,"footnotes":""},"class_list":["post-1653","page","type-page","status-publish","hentry"],"acf":[],"_links":{"self":[{"href":"https:\/\/www.vibrometrix.com\/fr\/wp-json\/wp\/v2\/pages\/1653","targetHints":{"allow":["GET"]}}],"collection":[{"href":"https:\/\/www.vibrometrix.com\/fr\/wp-json\/wp\/v2\/pages"}],"about":[{"href":"https:\/\/www.vibrometrix.com\/fr\/wp-json\/wp\/v2\/types\/page"}],"author":[{"embeddable":true,"href":"https:\/\/www.vibrometrix.com\/fr\/wp-json\/wp\/v2\/users\/1"}],"replies":[{"embeddable":true,"href":"https:\/\/www.vibrometrix.com\/fr\/wp-json\/wp\/v2\/comments?post=1653"}],"version-history":[{"count":2,"href":"https:\/\/www.vibrometrix.com\/fr\/wp-json\/wp\/v2\/pages\/1653\/revisions"}],"predecessor-version":[{"id":2074,"href":"https:\/\/www.vibrometrix.com\/fr\/wp-json\/wp\/v2\/pages\/1653\/revisions\/2074"}],"wp:attachment":[{"href":"https:\/\/www.vibrometrix.com\/fr\/wp-json\/wp\/v2\/media?parent=1653"}],"curies":[{"name":"wp","href":"https:\/\/api.w.org\/{rel}","templated":true}]}}